{"id":7174,"date":"2026-01-04T20:37:52","date_gmt":"2026-01-04T19:37:52","guid":{"rendered":"https:\/\/stage.inner-code.hr\/?page_id=7174"},"modified":"2026-01-04T20:57:09","modified_gmt":"2026-01-04T19:57:09","slug":"nlp","status":"publish","type":"page","link":"https:\/\/stage.inner-code.hr\/index.php\/nlp\/","title":{"rendered":"NLP"},"content":{"rendered":"<div class=\"post_excerpt \"><\/p>\n<p style=\"text-align: center;\"><em>&#8220;Na\u0161e najve\u0107e ograni\u010denje nije u onome \u0161to \u017eelimo, a ne mo\u017eemo u\u010diniti, ve\u0107 u tome \u0161to nikada nismo mislili da to mo\u017eemo u\u010diniti.\u201d<\/em><\/p>\n<p style=\"text-align: right;\"><em>Richard Bandler<\/em><\/p>\n<p><\/div>\n<h4>\u0160to JE NLP ?<\/h4>\n<div class=\"post_excerpt animate\"><\/p>\n<p>NLP (neurolingvisti\u010dko programiranje) je psiholo\u0161ko-komunikacijski model koji koristi niz metoda koje nam poma\u017eu dati odgovore na to kako do\u017eivljavamo sebe, svijet oko sebe, kako stvaramo svoje misli i osje\u0107aje, i kako na\u0161e misli i osje\u0107aji utje\u010du na ono \u0161to govorimo i radimo.<\/p>\n<p>Kroz tehnike i strategije koje se temelje na razumijevanju ljudskog uma, NLP nam omogu\u0107ava promjenu blokiraju\u0107ih obrazaca, pona\u0161anja i komuniciranja, poma\u017ee nam da aktiviramo svoje resurse i posti\u017eemo \u017eeljeni uspjeh.<\/p>\n<p>NLP je koristan u svakom kontekstu u kojem se radi o me\u0111uljudskim odnosima, bili oni privatni ili poslovni. Temelj svake komunikacije jest \u010dovjek, to\u010dnije, susret \u010dovjeka sa \u010dovjekom. I svatko od nas, bez obzira da li nastupa iz pozicije managera, \u0161efa, zaposlenika, supru\u017enika, roditelja, prijatelja ponekad se na\u0111e u situaciji, kada se susretne sa svojim vlastitim ograni\u010denjima. Tada ne znamo kako dalje i izgleda kao da se vrtimo u krug. Upravo zbog ovakvih situacija, NLP ima svoje zna\u010dajno mjesto, kao metoda koja nam, pomo\u0107u brojnih tehnika i strategija poma\u017ee, da uvidimo svoja ograni\u010denja i da ih savladamo. NLP nam poma\u017ee da skratimo \u201elutanje\u201c i da, \u0161to prije iza\u0111emo iz za\u010daranog kruga limitiraju\u0107ih uvjerenja i iskustava, u onakav \u017eivot i odnose kakve \u017eelimo.<\/p>\n<p>\u00a0<\/p>\n<p><\/div>\n<h4>NLP \u2013 kako je nastao?<\/h4>\n<div class=\"post_excerpt animate\"><\/p>\n<p>Ovaj model je nastao u Americi sedamdesetih godina 20.st., kao rezultat suradnje Richarda Bandlera i Johna Grindera. Prou\u010davali su rad troje vrhunskih terapeuta, hipno-terapeuta Miltona Ericksona, obiteljske terapeutkinje Virginie Satir i gestalt-terapeuta Fritza Perlsa. \u017deljeli su doznati za\u0161to su njihove terapije djelotvorne, za\u0161to su ba\u0161 njihovi klijenti postizali zna\u010dajne pozitivne promjene u svom \u017eivotu. Otkrili su da unutar njihove genijalne intuitivne izvrsnosti postoji i struktura te da ju je mogu\u0107e modelirati. Bandler i Grinder u\u010dinili su ju dostupnu drugima. U procesu istra\u017eivanja prou\u010davali su niz disciplina i pristupa kao \u0161to su psihologija, psihoterapija, matematika, kibernetika, lingvistika, neuroznanost, \u0161to je dovelo do razvoja sustava kojeg su nazvali NLP (Neuro-Lingvsti\u010dko-Programiranje).<\/p>\n<p>\u00a0<\/p>\n<p><\/div>\n<h4>NLP &#8211; za\u0161to ga u\u010diti?<br \/><br \/><\/h4>\n<div class=\"post_excerpt animate\"><\/p>\n<ul>\n<li>pru\u017ea alate za osobnu i profesionalnu transformaciju.<\/li>\n<li>Kroz razumijevanje principa NLP-a i primjenu NLP tehnika, mo\u017eete pobolj\u0161ati vlastitu komunikaciju, sposobnost dono\u0161enja odluka, upravljanje stresom, rje\u0161avanje konflikata, te unaprijediti svoje sposobnosti postavljanja ciljeva, motivacije i upravljanja emocionalnim stanjem<\/li>\n<li>poma\u017ee da bolje razumijete druge ljude, njihove reakcije i pona\u0161anja, te da razvijete sposobnost izgradnje dubljih i harmoni\u010dnijih odnosa<\/li>\n<li>koristan za profesionalce koji \u017eele pobolj\u0161ati svoje prezentacijske i pregovara\u010dke vje\u0161tine, kao i za sve one koji \u017eele \u017eivjeti \u017eivot u skladu s vlastitim vrijednostima i ciljevima<\/li>\n<li>nudi alate i strategije za postizanje ve\u0107eg zadovoljstva i uspjeha u svim aspektima \u017eivota.<br \/><br \/><\/li>\n<\/ul>\n<p><\/div>\n<h4>NLP &#8211; kome je namijenjen?<\/h4>\n<div class=\"post_excerpt animate\"><\/p>\n<p>NLP je namijenjen svima koji \u017eele unaprijediti svoje \u017eivotne vje\u0161tine i komunikaciju. Bez obzira jeste li student, manager, psiholog, trener, prodava\u010d, lider, u\u010ditelj, zdravstveno djelatnik&#8230; ili osoba koja se jednostavno \u017eeli razvijati, NLP vam mo\u017ee pomo\u0107i da bolje razumijete sebe i druge te postignete bolje rezultate u svim podru\u010djima \u017eivota. Tako\u0111er, terapeuti, coach-evi i savjetnici \u010desto koriste NLP tehnike u svom radu, jer omogu\u0107ava brzo i u\u010dinkovito rje\u0161avanje problema kod emocionalnim pitanja ili problema u komunikaciji.<\/p>\n<p>\u00a0<\/p>\n<p><\/div>\n<h4 class=\"western\" align=\"left\">\u0160to konkretno omogu\u0107ava NLP i njegovi ALATI:<br \/><br \/><\/h4>\n<div class=\"post_excerpt animate\"><\/p>\n<ul>\n<li>bolje razumijevanje sebe, svoje pona\u0161anja te u\u010dinkovitije upravljanje svojim emocijama, mislima i postupcima<\/li>\n<li>prepoznavanje svojih jakih strana i mudro upravljanje njima<\/li>\n<li>aktiviranje unutarnjih resursa<\/li>\n<li>prepoznavanje i uklanjanje blokada koje vas sprje\u010davaju da postignete uspje\u0161nu komunikaciju<\/li>\n<li>definiranje, postavljanje i razrada \u017eeljenih ciljeva na u\u010dinkovitiji na\u010din<\/li>\n<li>postizanje izvrsnosti u komunikaciji, privatnoj i poslovnoj<\/li>\n<li>rje\u0161avanje dilema (kako donijeti najsmisleniju odluku)<\/li>\n<li>promjenu ne\u017eeljenog pona\u0161anja (npr. odga\u0111anje, neaktivnost)<\/li>\n<li>razvijanje sposobnosti orijentacije ka rje\u0161enju, umjesto ka problemu<\/li>\n<li>promjenu ograni\u010davaju\u0107ih uvjerenja (npr. ne mogu biti dobar voza\u010d)<\/li>\n<li>svladavanje treme pred javni nastup\/izlaganje\/prezentiranje<\/li>\n<li>svladavanje fobija<\/li>\n<li>podizanje motivacije (npr. za u\u010denje, fizi\u010dke aktivnosti)<\/li>\n<li>upravljanje konfliktima<\/li>\n<li>postizanje skladnih privatnih i poslovnih odnosa<\/li>\n<li>razvijanje sposobnosti vo\u0111enja i motiviranja drugih ljudi&#8230;<br \/><br \/><\/li>\n<\/ul>\n<p><\/div>\n<h4>NLP edukacije koje mo\u017eete poha\u0111ati<br \/><br \/><\/h4>\n<div class=\"post_excerpt animate\"><\/p>\n<ul>\n<li><strong><a href=\"https:\/\/stage.inner-code.hr\/index.php\/nlp-communication\/\">NLP Communication<\/a><\/strong><\/li>\n<li><strong><a href=\"https:\/\/stage.inner-code.hr\/index.php\/nlp-practitioner\/\">NLP Practitioner<\/a><\/strong><\/li>\n<li><strong><a href=\"https:\/\/stage.inner-code.hr\/index.php\/nlp-master\/\">NLP Master<\/a><\/strong><\/li>\n<\/ul>\n<p>Sve edukacije\/treninzi akreditirani su od me\u0111unarodne NLP organizacije International Association of NLP Institutes (IN) sa sjedi\u0161tem u Berlinu, te Hrvatske asocijacije za neuro-lingvisti\u010dko programiranje (HANLP), \u010dlanica Europske Asocijacije za NLP (EANLP). Programi edukacije\/treninga provode se po propisanim standardima i kurikulumu navedenih organizacija za svaku pojedinu vrstu edukacije\/treninga (za vi\u0161e informacija o svakom pojedinom kurikulumu pogledajte na <a href=\"https:\/\/www.nlp-institutes.net\/about\/curricula\" target=\"_blank\" rel=\"noopener\">https:\/\/www.nlp-institutes.net\/about\/curricula<\/a><\/p>\n<p>\u00a0<\/p>\n<p><\/div>\n<h4>UVJETI ZA CERTIFIKACIJU<br \/><br \/><\/h4>\n<div class=\"post_excerpt animate\"><\/p>\n<ul>\n<li>redovito poha\u0111anje edukacije \u2013 minimalno 80% prisustva (u slu\u010daju du\u017eeg izostanka i propu\u0161tenog sadr\u017eaja, polaznik mo\u017ee nadoknaditi propu\u0161teno u sljede\u0107im grupama)<\/li>\n<li>teorijska i prakti\u010dna provjera razumijevanja i integracije nau\u010denog sadr\u017eaja<\/li>\n<li>po uspje\u0161nom zavr\u0161etku edukacije, polaznik stje\u010de naslov i certifikat \u201eNLP Communication\/ NLP Practitioner\/ NLPMaster, IN\u201d, odnosno \u201eNLP Communication\/NLP Practitioner\/ NLP Master, HANLP\u201d, kojim se potvr\u0111uje da je ovladao konceptima, sadr\u017eajima, vje\u0161tinama, tehnikama i metodama neurolingvisti\u010dkog programiranja prema propisanim standardima<\/li>\n<\/ul>\n<p lang=\"en-GB\" align=\"left\"><\/div>\n\n\n<div style=\"height:50px\" aria-hidden=\"true\" class=\"wp-block-spacer\"><\/div>\n\n\n\n<p><\/p>\n","protected":false},"excerpt":{"rendered":"<p>\u0160to JE NLP ? NLP \u2013 kako je nastao? NLP &#8211; za\u0161to ga u\u010diti? NLP &#8211; kome je namijenjen? \u0160to konkretno omogu\u0107ava NLP i njegovi ALATI: NLP edukacije koje mo\u017eete poha\u0111ati UVJETI ZA CERTIFIKACIJU<\/p>\n","protected":false},"author":1,"featured_media":5574,"parent":0,"menu_order":0,"comment_status":"closed","ping_status":"closed","template":"","meta":{"footnotes":""},"class_list":["post-7174","page","type-page","status-publish","has-post-thumbnail","hentry"],"_links":{"self":[{"href":"https:\/\/stage.inner-code.hr\/index.php\/wp-json\/wp\/v2\/pages\/7174","targetHints":{"allow":["GET"]}}],"collection":[{"href":"https:\/\/stage.inner-code.hr\/index.php\/wp-json\/wp\/v2\/pages"}],"about":[{"href":"https:\/\/stage.inner-code.hr\/index.php\/wp-json\/wp\/v2\/types\/page"}],"author":[{"embeddable":true,"href":"https:\/\/stage.inner-code.hr\/index.php\/wp-json\/wp\/v2\/users\/1"}],"replies":[{"embeddable":true,"href":"https:\/\/stage.inner-code.hr\/index.php\/wp-json\/wp\/v2\/comments?post=7174"}],"version-history":[{"count":9,"href":"https:\/\/stage.inner-code.hr\/index.php\/wp-json\/wp\/v2\/pages\/7174\/revisions"}],"predecessor-version":[{"id":7188,"href":"https:\/\/stage.inner-code.hr\/index.php\/wp-json\/wp\/v2\/pages\/7174\/revisions\/7188"}],"wp:featuredmedia":[{"embeddable":true,"href":"https:\/\/stage.inner-code.hr\/index.php\/wp-json\/wp\/v2\/media\/5574"}],"wp:attachment":[{"href":"https:\/\/stage.inner-code.hr\/index.php\/wp-json\/wp\/v2\/media?parent=7174"}],"curies":[{"name":"wp","href":"https:\/\/api.w.org\/{rel}","templated":true}]}}