{"id":7128,"date":"2025-03-25T10:49:30","date_gmt":"2025-03-25T09:49:30","guid":{"rendered":"https:\/\/stage.inner-code.hr\/?page_id=7128"},"modified":"2025-03-25T12:30:15","modified_gmt":"2025-03-25T11:30:15","slug":"vjezbaonice-2","status":"publish","type":"page","link":"https:\/\/stage.inner-code.hr\/index.php\/vjezbaonice-2\/","title":{"rendered":"Vje\u017ebaonice"},"content":{"rendered":"<div class=\"post_excerpt \"><\/p>\n<p>Vje\u017ebaonice su periodi\u010dka okupljanja (u\u017eivo ili online) prakti\u010dara pojedinih metoda koje podu\u010davamo (NLP, Autogeni trening, Progresivna relaksacija mi\u0161i\u0107a, Mindfulness, Thetahealing)<\/p>\n<p>Cilj je potaknuti prakti\u010dare, da redovito koristite ove vrijedne alate, te da me\u0111usobno razmijene svoja znanja, iskustva, pitanja vezana uz prakticiranje ovih metoda. Na taj na\u010din zajedno napredujemo i bivamo doprinos svojoj okolini.<\/p>\n<p><strong>Uvjet za sudjelovanje<\/strong>: zavr\u0161ena minimalno osnovna razina pojedine metode<br \/><br \/><\/p>\n<p><\/div>\n<h4>Kako se mogu prijaviti na vje\u017ebaonicu?<\/h4>\n<div class=\"post_excerpt animate\">\n<p>Prijaviti se mo\u017eete putem na\u0161e PRIJAVNICE, na e-mail <a href=\"mailto:info@inner-code.hr\">info@inner-code.hr<\/a> ili na broj 098 18 28 122.<\/p>\n<p><span style=\"font-size: revert; color: initial;\"><\/div><\/span><\/p>\n\n\n<div style=\"height:50px\" aria-hidden=\"true\" class=\"wp-block-spacer\"><\/div>\n\n\n\n<p><\/p>\n","protected":false},"excerpt":{"rendered":"<p>Kako se mogu prijaviti na vje\u017ebaonicu?<\/p>\n","protected":false},"author":1,"featured_media":0,"parent":0,"menu_order":0,"comment_status":"closed","ping_status":"closed","template":"","meta":{"footnotes":""},"class_list":["post-7128","page","type-page","status-publish","hentry"],"_links":{"self":[{"href":"https:\/\/stage.inner-code.hr\/index.php\/wp-json\/wp\/v2\/pages\/7128","targetHints":{"allow":["GET"]}}],"collection":[{"href":"https:\/\/stage.inner-code.hr\/index.php\/wp-json\/wp\/v2\/pages"}],"about":[{"href":"https:\/\/stage.inner-code.hr\/index.php\/wp-json\/wp\/v2\/types\/page"}],"author":[{"embeddable":true,"href":"https:\/\/stage.inner-code.hr\/index.php\/wp-json\/wp\/v2\/users\/1"}],"replies":[{"embeddable":true,"href":"https:\/\/stage.inner-code.hr\/index.php\/wp-json\/wp\/v2\/comments?post=7128"}],"version-history":[{"count":4,"href":"https:\/\/stage.inner-code.hr\/index.php\/wp-json\/wp\/v2\/pages\/7128\/revisions"}],"predecessor-version":[{"id":7151,"href":"https:\/\/stage.inner-code.hr\/index.php\/wp-json\/wp\/v2\/pages\/7128\/revisions\/7151"}],"wp:attachment":[{"href":"https:\/\/stage.inner-code.hr\/index.php\/wp-json\/wp\/v2\/media?parent=7128"}],"curies":[{"name":"wp","href":"https:\/\/api.w.org\/{rel}","templated":true}]}}