{"id":7110,"date":"2025-03-25T10:16:01","date_gmt":"2025-03-25T09:16:01","guid":{"rendered":"https:\/\/stage.inner-code.hr\/?page_id=7110"},"modified":"2025-03-25T10:47:10","modified_gmt":"2025-03-25T09:47:10","slug":"poduka","status":"publish","type":"page","link":"https:\/\/stage.inner-code.hr\/index.php\/poduka\/","title":{"rendered":"Poduka"},"content":{"rendered":"<div class=\"post_excerpt \"><\/p>\n<p>Osim individualnih savjetovanja, te individualne i grupne edukacije na podru\u010dju osobnog rasta i razvoja, na\u0161a je strast preno\u0161enje i onih znanja koja su obuhva\u0107ena gimnazijskim programom, kao i kreativne likovne radionice.<\/p>\n<p>Bilo da \u017eelite pobolj\u0161ati svoje znanje iz jezika, dru\u0161tvenih ili prirodnih znanosti, ili \u017eelite istra\u017eiti svoj kreativni potencijal kroz umjetnost i likovno izra\u017eavanje, na\u0161 cilj je pru\u017eiti vam kvalitetnu podr\u0161ku i potaknuti vas na uspjeh.<\/p>\n<p>Svako ulaganje u sebe i svoje znanje doprinosi ja\u010danju samopouzdanja, jer svaka nova vje\u0161tina ili informacija koju usvojimo ja\u010da povjerenje u sebe i pove\u0107ava osje\u0107aj unutarnjeg zadovoljstva.<br \/><br \/><\/p>\n<p><\/div>\n<h4>Individualna poduka<\/h4>\n<div class=\"post_excerpt animate\"><\/p>\n<p>Individualnom podukom sadr\u017eaja gimnazijskih predmeta poma\u017eemo klijentima da pro\u0161ire svoja znanja ili nadoknade ona podru\u010dja kojima nisu bili u prilici ranije ovladati ili se kroz njih izraziti. Primjerice, oduvijek vas je zanimala umjetnost, povijest umjetnosti i \u017eeljeli ste se oku\u0161ati u likovnom izra\u017eavanju, no, niste imali vremena ili vas je \u017eivot odveo u drugom smjeru. Ako osje\u0107ate jo\u0161 uvijek stari \u201e\u017ear\u201d, imate ga mogu\u0107nost realizirati. Pristup klijentu je individualan.<\/p>\n<p>Individualna poduka traje 60 minuta, sa profesorom\/nastavnikom odre\u0111enog podru\u010dja znanja, u\u017eivo ili online prema dogovoru<br \/><br \/><\/p>\n<p><\/div>\n<h4>Likovne radionice<\/h4>\n<div class=\"post_excerpt animate\"><\/p>\n<p>Za ljubitelje umjetnosti, nudimo kreativne likovne radionice u kojima polaznici mogu istra\u017eiti razli\u010dite likovne tehnike, od crtanja, slikanja, kiparstva, do digitalne umjetnosti. Licencirani mentori vode vas kroz razli\u010dite faze umjetni\u010dkog stvaranja, pru\u017eaju\u0107i podr\u0161ku u razvoju va\u0161ih vje\u0161tina i stila.<\/p>\n<p>Radionice su prikladne za sve uzraste \u2013 od djece do odraslih, od po\u010detnika do onih koji \u017eele usavr\u0161iti svoje vje\u0161tine. Kroz likovne radionice, polaznici ne samo da \u0107e nau\u010diti tehnike, ve\u0107 \u0107e imati priliku izraziti svoju kreativnost i razviti osobni umjetni\u010dki izraz.<\/p>\n<p><strong>Likovne radionice za djecu:<\/strong><br \/>Kroz na\u0161e likovne radionice, djeca mogu razvijati svoju kreativnost, finu motoriku i samopouzdanje. Kroz igru s bojama i materijalima, djeca ne samo da usvajaju osnovne umjetni\u010dke tehnike, ve\u0107 tako\u0111er u\u010de va\u017ene vje\u0161tine poput strpljenja, koncentracije i suradnje. Na\u0161e radionice poti\u010du djecu na stvaranje originalnih radova, razvijaju\u0107i njihovu ma\u0161tu i izra\u017eajnost.<\/p>\n<p><strong>Likovne radionice za mlade:<\/strong><br \/>Za mlade, na\u0161e radionice nude prostor za istra\u017eivanje i usavr\u0161avanje umjetni\u010dkih vje\u0161tina. Slikarstvo im omogu\u0107uje da kanaliziraju svoje emocije, pove\u017eu se sa vlastitim identitetom i razvijaju kriti\u010dko razmi\u0161ljanje. Ove radionice tako\u0111er nude platformu za izgradnju socijalnih vje\u0161tina, stvaranje novih prijateljstava i me\u0111usobnu inspiraciju. Pomo\u0107u razli\u010ditih stilova i tehnika, mladi mogu stvoriti djela koja odra\u017eavaju njihov svjetonazor, a tako\u0111er razvijaju vlastiti umjetni\u010dki potpis.<\/p>\n<p><strong>Likovne radionice za odrasle:<\/strong><br \/>Odrasli imaju priliku otkriti ili obnoviti svoju strast za slikarstvom u opu\u0161tenom i poticajnom okru\u017eenju. Bilo da ste po\u010detnik ili ve\u0107 imate iskustva, na\u0161e radionice nude priliku za personalizirani razvoj umjetni\u010dkog izraza. U\u010denje novih tehnika i rad na vlastitim projektima mogu biti izuzetno terapeutski, smanjuju\u0107i stres, pobolj\u0161avaju\u0107i koncentraciju i omogu\u0107uju\u0107i izlaz iz svakodnevnih rutina. Slikanje tako\u0111er poma\u017ee i u izra\u017eavanju osje\u0107aja na na\u010din koji je \u010desto te\u017ee verbalno opisati.<\/p>\n<p>Poduka mo\u017ee biti i individualna, ovisno o \u017eelji i potrebi klijenta.<\/p>\n<p><strong>Dobrobiti likovnih radionica:<\/strong><\/p>\n<ol>\n<li><strong>Kreativno izra\u017eavanje<\/strong>: umjetnost poti\u010de razvoj ma\u0161te i inovativnosti<\/li>\n<li>\n<strong>Emocionalno zdravlje<\/strong>: slikarstvo djeluje kao oblik terapije, poma\u017eu\u0107i u smanjenju stresa\n<\/li>\n<li>\n<strong>Socijalna povezanost<\/strong>: kroz zajedni\u010dki rad, sudionici stvaraju me\u0111usobne veze i suradnju\n<\/li>\n<li>\n<strong>Samopouzdanje<\/strong>: svaki dovr\u0161eni rad ja\u010da osje\u0107aj ponosa i postignu\u0107a\n<\/li>\n<li>\n<strong>Fina motorika i koncentracija<\/strong>: redovito slikanje pobolj\u0161ava preciznost pokreta i sposobnost fokusiranja\n<\/li>\n<li>\n<strong>Zadovoljstvo i opu\u0161tanje<\/strong>: u\u010denje novih vje\u0161tina kroz umjetnost \u010desto dovodi do osje\u0107aja postignu\u0107a i unutra\u0161njeg mira\n<\/li>\n<\/ol>\n<p><strong>Voditelj likovnih radionica<\/strong><\/p>\n<p>Voditelj likovnih radionica i individualne poduke na podru\u010dju likovnog izra\u017eavanja je <b>Ivan Kopp, mag.ed.likovne kulture, slikar<\/b>. Budu\u0107i da je drugo podru\u010dje njegovog interesa glazba, Ivan u svojim radionicama integrira likovni izraz, glazbu i ples. Glazba i ples dodaju dodatnu dimenziju stvaranju, poti\u010du\u0107i emocionalnu povezanost s umjetni\u010dkim procesom i osna\u017euju\u0107i kreativni tok.<\/p>\n<p><\/div>\n<div class=\"post_excerpt animate\">\n<p style=\"text-align: center;\"><strong><i>Bez obzira na va\u0161u dob ili prethodno iskustvo, na\u0161a vrata su otvorena za sve koji \u017eele uroniti u svijet boja i ma\u0161te. Pridru\u017eite nam se i otkrijte radost stvaranja!<\/i><\/strong><\/p>\n<p><span style=\"font-size: revert; color: initial;\"><\/div><\/span><\/p>\n\n\n<div style=\"height:50px\" aria-hidden=\"true\" class=\"wp-block-spacer\"><\/div>\n\n\n\n<p><\/p>\n","protected":false},"excerpt":{"rendered":"<p>Individualna poduka Likovne radionice<\/p>\n","protected":false},"author":1,"featured_media":0,"parent":0,"menu_order":0,"comment_status":"closed","ping_status":"closed","template":"","meta":{"footnotes":""},"class_list":["post-7110","page","type-page","status-publish","hentry"],"_links":{"self":[{"href":"https:\/\/stage.inner-code.hr\/index.php\/wp-json\/wp\/v2\/pages\/7110","targetHints":{"allow":["GET"]}}],"collection":[{"href":"https:\/\/stage.inner-code.hr\/index.php\/wp-json\/wp\/v2\/pages"}],"about":[{"href":"https:\/\/stage.inner-code.hr\/index.php\/wp-json\/wp\/v2\/types\/page"}],"author":[{"embeddable":true,"href":"https:\/\/stage.inner-code.hr\/index.php\/wp-json\/wp\/v2\/users\/1"}],"replies":[{"embeddable":true,"href":"https:\/\/stage.inner-code.hr\/index.php\/wp-json\/wp\/v2\/comments?post=7110"}],"version-history":[{"count":11,"href":"https:\/\/stage.inner-code.hr\/index.php\/wp-json\/wp\/v2\/pages\/7110\/revisions"}],"predecessor-version":[{"id":7127,"href":"https:\/\/stage.inner-code.hr\/index.php\/wp-json\/wp\/v2\/pages\/7110\/revisions\/7127"}],"wp:attachment":[{"href":"https:\/\/stage.inner-code.hr\/index.php\/wp-json\/wp\/v2\/media?parent=7110"}],"curies":[{"name":"wp","href":"https:\/\/api.w.org\/{rel}","templated":true}]}}