{"id":6746,"date":"2024-09-24T15:16:35","date_gmt":"2024-09-24T13:16:35","guid":{"rendered":"https:\/\/stage.inner-code.hr\/?page_id=6746"},"modified":"2024-09-24T15:16:37","modified_gmt":"2024-09-24T13:16:37","slug":"pravila-privatnosti","status":"publish","type":"page","link":"https:\/\/stage.inner-code.hr\/index.php\/pravila-privatnosti\/","title":{"rendered":"Pravila privatnosti"},"content":{"rendered":"<div class=\"post_excerpt \"><\/p>\n<p>Inner Code d.o.o. smatra povjerljivost u radu s klijentima, te po\u0161tivanje njihove privatnosti jednim od temeljnih eti\u010dkih na\u010dela u svom poslovanju. Stoga pridajemo osobiti zna\u010daj za\u0161titi va\u0161ih osobnih podataka.<\/p>\n<p>Osobne podatke putem ove internetske stranice prikupljamo isklju\u010divo uz va\u0161 pristanak putem kontakt formi (prijavnica, email) i koristimo ih isklju\u010divo u one svrhe za koje ste nam dali dopu\u0161tenje.<\/p>\n<p>Sukladno Zakonu o za\u0161titi osobnih podataka na va\u0161 zahtjev omogu\u0107it \u0107e vam se pristup podacima kao i eventualni ispravak istih.<\/p>\n<p>Podaci koji se prikupljaju su: ime, prezime, email adresa, te po \u017eelji i broj telefona. Od polaznika radionica i edukacija naknadno tra\u017eimo OIB i adresu isklju\u010divo za izdavanje ra\u010duna.<\/p>\n<p>Osobni podaci koji se prikupljaju odnose se na polaznike na\u0161ih edukacija\/evenata i primatelja usluga savjetovanja.<\/p>\n<p>Svi prikupljeni osobni podaci koriste se isklju\u010divo u svrhu i za potrebe organizacije i provo\u0111enje na\u0161ih edukacija, predavanja, evenata, savjetovanja: prijava\/upis na edukaciju\/predavanje\/event, izdavanje certifikata, odgovaranje na upite klijenata, informiranje klijenata o na\u0161im programima i aktivnostima. Ne tra\u017eimo od vas da nam otkrijete vi\u0161e podataka no \u0161to je doista potrebno za sudjelovanje u na\u0161im aktivnostima i za slanje obavijesti o tome.<\/p>\n<p>Sve osobne podatke pa\u017eljivo \u010duvamo i koristimo isklju\u010divo za navedene svrhe, tj. za one svrhe za koje ste nam dali odobrenje. Sama prijava na edukaciju\/predavanje\/event prilikom koje nam ostavljate svoje osobne podatke, podrazumijeva da ste pro\u010ditali, razumjeli i prihvatili ova pravila privatnosti, te da nam dajete dopu\u0161tenje da vam emailom ili telefonom proslijedimo va\u017ene informacije vezane uz odr\u017eavanje radionice\/edukacije\/eventa na koji ste se prijavili.<\/p>\n<p>Podaci prikupljeni u digitalnom obliku putem web stranice (prijave na edukaciju\/predavanje) pohranjuju se u na\u0161oj arhivi u digitalnom obliku i za\u0161ti\u0107eni su lozinkom.<\/p>\n<p>Osobni podatak email adrese koristi se za informiranje klijenata o na\u0161im edukcijama i aktivnostima, te komunikaciji s klijentima vezanoj uz savjetovanje, a isklju\u010divao po primitku dobrovoljne privole klijenata za primanje usluge informiranja putem elektroni\u010dke po\u0161te. Klijenti imaju mogu\u0107nost otkazivanja primanja ove usluge prilikom svakog primitka informativne po\u0161te i to pritiskom na opciju otkazivanja.<\/p>\n<p>Prikupljeni podaci se ne ustupaju drugim pravnim subjektima ili privatnim osobama, niti se objavljuju ili zloupotrebljavaju na bilo koji na\u010din.<\/p>\n<p>Za primjedbe, pitanja ili pritu\u017ebe u pogledu prikupljanja i upotrebe va\u0161ih osobnih podataka, molimo vas, da nam se obratite putem elektroni\u010dke po\u0161te na\u00a0<span id=\"cloak0b260285e7e088566e7fad461110ca4c\"><a href=\"mailto:info@inner-code.hr\">info@inner-code.hr<\/a><\/span>\u00a0ili po\u0161tom na Inner Code d.o.o. Gorjanska 26, Zagreb.<\/p>\n<p><\/div>\n\n\n<div style=\"height:50px\" aria-hidden=\"true\" class=\"wp-block-spacer\"><\/div>\n\n\n\n<p><\/p>\n","protected":false},"excerpt":{"rendered":"","protected":false},"author":1,"featured_media":0,"parent":0,"menu_order":0,"comment_status":"closed","ping_status":"closed","template":"","meta":{"footnotes":""},"class_list":["post-6746","page","type-page","status-publish","hentry"],"_links":{"self":[{"href":"https:\/\/stage.inner-code.hr\/index.php\/wp-json\/wp\/v2\/pages\/6746","targetHints":{"allow":["GET"]}}],"collection":[{"href":"https:\/\/stage.inner-code.hr\/index.php\/wp-json\/wp\/v2\/pages"}],"about":[{"href":"https:\/\/stage.inner-code.hr\/index.php\/wp-json\/wp\/v2\/types\/page"}],"author":[{"embeddable":true,"href":"https:\/\/stage.inner-code.hr\/index.php\/wp-json\/wp\/v2\/users\/1"}],"replies":[{"embeddable":true,"href":"https:\/\/stage.inner-code.hr\/index.php\/wp-json\/wp\/v2\/comments?post=6746"}],"version-history":[{"count":1,"href":"https:\/\/stage.inner-code.hr\/index.php\/wp-json\/wp\/v2\/pages\/6746\/revisions"}],"predecessor-version":[{"id":6747,"href":"https:\/\/stage.inner-code.hr\/index.php\/wp-json\/wp\/v2\/pages\/6746\/revisions\/6747"}],"wp:attachment":[{"href":"https:\/\/stage.inner-code.hr\/index.php\/wp-json\/wp\/v2\/media?parent=6746"}],"curies":[{"name":"wp","href":"https:\/\/api.w.org\/{rel}","templated":true}]}}