{"id":6741,"date":"2024-09-24T15:07:27","date_gmt":"2024-09-24T13:07:27","guid":{"rendered":"https:\/\/stage.inner-code.hr\/?page_id=6741"},"modified":"2026-01-03T22:32:18","modified_gmt":"2026-01-03T21:32:18","slug":"suradnici","status":"publish","type":"page","link":"https:\/\/stage.inner-code.hr\/index.php\/suradnici\/","title":{"rendered":"Suradnici"},"content":{"rendered":"<h2>Dr. Nada Kaiser<\/h2>\r\n<div class=\"post_excerpt \"><\/p>\r\n<p>psihoterapeut (ECP- europski certifikat za psihoterapiju i WCPC \u2013 svjetski certifikat za psihoterapiju) s 35 \u2013 godi\u0161njim iskustvom, Life &amp; Business Coach (DVNLP), docent na sveu\u010dili\u0161tu u Stuttgartu te me\u0111unarodni edukator. Osniva\u010dica je Hrvatske Asocijacije za NLP (HANLP), 2008. godine, koja je \u010dlanica Europske Asocijacije za NLP (EANLP).<\/p>\r\n<p><strong><b>Obrazovanje<\/b><\/strong>: studij socijalne pedagogije s te\u017ei\u0161tem na obrazovanju odraslih; studij pedago\u0161ke psihologije s te\u017ei\u0161tem na psihijatriji; studij pedagogije u zdravstvu; njema\u010dka aprobacija za dje\u010dju i mladena\u010dku psihoterapiju; doktorski studij psihologije s te\u017ei\u0161tem na NLP-u i coachingu; svi stupnjevi NLP-a i NLPt (DVNLP); wingwave; transkacijska analiza; hipnoterapija; psihodrama; autogeni trening; EMDR (Eye Movement Desensitization and Reprocessing); socijalna terapija; terapija za ovisnike; terapija u zdravstvu s te\u017ei\u0161tem na upravljanje stresom; terapija razgovorom po Rogersu.<\/p>\r\n<p><b>Stru\u010dni radovi<\/b>: doktorska disertacija \u201eNLP u kontekstu stjecanja klju\u010dnih kvalifikacija na visoko\u0161kolskim ustanovama\u201c; \u201eRukovoditelj kao coach\u201c, Dr. Nada Kaiser, Prof. Dr. Albert Nonnemacher, interaktivni te\u010daj za rukovoditelje<br \/><br \/><\/p>\r\n<p><\/div>\r\n<h2>Vesna Jungi\u0107, mag. oec.<\/h2>\r\n<div class=\"post_excerpt animate\"><\/p>\r\n<p>magistra ekonomije i edukatorica za treninge poslovnih sadr\u017eaja kao i iz podru\u010dja socijalnih vje\u0161tina, managerskih vje\u0161tina, motiviranja, utjecanja, vo\u0111enja i inspiriranja timova, s dugogodi\u0161njim iskustvom na managerskim pozicijama u vode\u0107im tvrtkama u Hrvatskoj i inozemstvu. Godinama pru\u017ea podr\u0161ku u razmjeni znanja me\u0111u \u010dlanovima udruga HANLP (Hrvatska asocijacija za NLP), HUND (Hrvatska udruga za nabavnu djelatnost, \u010dija je i osniva\u010dica) i CSCA (Croatian Supply Chain Association).<\/p>\r\n<p>Stalna je suradnica NLP &amp; Coaching akademije i Inner Code.<\/p>\r\n<p><strong>Kvalifikacije i certifikati:<\/strong><\/p>\r\n<ul>\r\n<li>Wingwave\u00ae Coach (NLP &amp; Coaching Akademija, Nada Kaiser, PhD po Besser \u2013 Siegmund Institutu)<\/li>\r\n<li>NLP\/NLPt Practitioner savjetnica, HATC NLPt (Hrvatsko-austrijski trening centar za NLP\/NLPt)<\/li>\r\n<li>NLP Master, DVNLP i IN (DVNLP- Njema\u010dko udru\u017eenje za NLP, IN \u2013 International NLP Institutes Berlin, NLP &amp; Coaching Akademija)<\/li>\r\n<li>NLP Trainer (DVNLP- Der Deutsche Verband f\u00fcr Neuro-Linguistisches Programmieren, NLP &amp; Coaching Akademija)<\/li>\r\n<li>Life Coach, ICI (International Association of Coaching Institutes, NLP &amp; Coaching Akademija)<\/li>\r\n<li>Imaginativne obiteljske konstelacije (NLP &amp; Coaching Akademija, HANLP, CCA)<\/li>\r\n<li>U\u010diteljica Autogenog treninga po Schultzu (NLP &amp; Coaching Akademija)<\/li>\r\n<li>U\u010diteljica Progresivne relaksacije mi\u0161i\u0107a po Jackobsonu (NLP &amp; Coaching Akademija)<\/li>\r\n<li>Magistra ekonomije ( Sveu\u010dili\u0161te u Zagrebu \u2013 Ekonomski fakultet)<br \/><br \/><\/li>\r\n<\/ul>\r\n<p><\/div>\r\n<h2>Prof. Vera \u0110or\u0111evi\u0107, MD (MA)<\/h2>\r\n<div class=\"post_excerpt animate\"><\/p>\r\n<p>Doktor medicine (Medicine Alternative) M.D. (M.A.) ste\u010dena na The Open International\u00a0University for Complementary Medicine u Colombu gdje diplomira 1989. godine. Nakon diplomiranja, kontinuirano se obrazuje i u praksi primjenjuje vje\u0161tine iz: tradicionalne kineske medicine, masa\u017ee, kiropraktike, iridologije, homeopatije,\u00a0radiestezije, bioenergije\u2026<\/p>\r\n<p>Osniva\u010d je i Direktor\u00a0Balkan Su Jok Therapy Center-a. Centar je osnovan u rujnu 1993.\u00a0kao Edukativni centara za SU JOK TERAPIJU za Balkan. <strong>Kvalifikacije Su Jok ste\u010dene u: <\/strong>International Su Jok Acupuncture Association, Moskva; International Su Jok Association, Moskva, Rusija; Su Jok terapeut \u2013 Master qualification level \u2013 lecturer; Twist terapeut \u2013 Golden qualification level \u2013 lecturer; Terapeut metodom Triorigin Smile meditation \u2013 Golden qualification level \u2013 lecturer; Su Jok Ki \u2013 Golden qualification level \u2013 lecturer<br \/><br \/><\/p>\r\n<p><\/div>\r\n<h2>Ivan Kopp, mag.ed. likovne kulture<\/h2>\r\n<div class=\"post_excerpt animate\"><\/p>\r\n<p>magistar edukacije likovne kulture, \u010dlan Hrvatske udruge likovnih umjetnika (HDLU) Istre, nastavnik likovne kulture, slikar, glazbenik i plesa\u010d. U svom dosada\u0161njem radu kao likovni umjetnik, izlagao je svoje radove na mnogim samostalnim i skupnim izlo\u017ebama diljem Hrvatske i Slovenije. Aktivno se bavi umjetno\u0161\u0107u od 2016. godine.<br \/><br \/>Slikarstvo za njega nije samo vizualna umjetnost \u2013 ono je sveobuhvatan na\u010din izra\u017eavanja koji uklju\u010duje sva osjetila. U svojim radovima \u010desto koristi glazbene motive jer glazba ima klju\u010dnu ulogu u njegovom kreativnom procesu. Upravo kroz zvuk, ritam i emociju koju glazba nosi, Ivan uspijeva dosegnuti dublje slojeve osobnog izraza te ih preto\u010diti u vizualni jezik slike.<br \/><br \/>Vo\u0111en tom sinergijom umjetnosti i glazbe, pokrenuo je i likovne radionice koje povezuju slikarstvo, glazbu i pokret \u2013 tri sna\u017ena sredstva izra\u017eavanja i osobnog rasta. Cilj ovih radionica nije samo razvijanje kreativnih vje\u0161tina, ve\u0107 stvaranje prostora u kojem svaki sudionik, bez obzira na prethodno iskustvo, mo\u017ee slobodno izraziti sebe, istra\u017eiti vlastite emocije i osloboditi svoju kreativnost.<br \/><br \/>Ivan se svojim kreativnim likovnim radionicama obra\u0107a svim ljubiteljima umjetnosti koji \u017eele istra\u017eiti i oku\u0161ati se u razli\u010ditim likovnim tehnikama (crtanje, slikanje, kiparstvo, digitalna umjetnost). Kreira radionice za sve uzraste \u2013 od djece do odraslih, od po\u010detnika do onih koji \u017eele usavr\u0161iti svoje vje\u0161tine.<br \/><br \/><strong>KVALIFIKACIJE:<\/strong><\/p>\r\n<ul>\r\n<li>mag. ed. likovne kulture (Sveu\u010dili\u0161te Josipa Juraja Strossmayer u Osijeku \u2013 Akademija za umjetnost i kulturu)<\/li>\r\n<li>baccalaureus edukacije likovne kulture (Sveu\u010dili\u0161te u Zagrebu &#8211; Akademija likovnih umjetnosti, )<\/li>\r\n<li>dizajner unutra\u0161nje arhitekture (\u0160kola primijenjene umjetnosti i dizajna u Zagrebu)<\/li>\r\n<li>grafi\u010dki dizajner, specijalist digitalnog izdava\u0161tva (Sveu\u010dili\u0161te Algerba, Zagreb)<\/li>\r\n<\/ul>\r\n<br \/><br \/><strong>SAMOSTALNE I GRUPNE IZLO\u017dBE:<\/strong>\r\n<p><strong>Good feeling<\/strong> &#8211; MMC galerija, Umag , 2025., grupna izlo\u017eba; <strong>Good feeling<\/strong> \u2013 HDLU Istre, Pula, 2025., grupna izlo\u017eba; <strong>GeekCon<\/strong> &#8211; Velika Gorica, 2025., samostalan izlo\u017eba; <strong>Revijalna izlo\u017eba<\/strong>, HDLU Istre, Pula, 2024\/2025., grupna izlo\u017eba; <strong>Istarki umjetnici u Kranju<\/strong> &#8211; galerija Caneta, Avgu\u0161tina, Kranj, 2024., grupna izlo\u017eba; <strong>\u201cVoda\u201d<\/strong> \u2013 KGK, Kusto\u0161ija, 2024., samostalan izlo\u017eba; <strong>Revijalna izlo\u017eba<\/strong>, Hdlu Istre, Pula, 2023., grupna izlo\u017eba; <strong>Istarki umjetnici u Kranju<\/strong> &#8211; galerija Caneta, Avgu\u0161tina, Kranj, 2024., grupna izlo\u017eba; <strong>Autoriteti<\/strong> &#8211; Hdlu Istre, Pula, 2023., &#8211; grupna izlo\u017eba; <strong>Art Forest<\/strong> \u2013 Nedeli\u0161\u0107e, 2023. -grupna izlo\u017eba; <strong>\u201cDance\u201d<\/strong> &#8211; Gradska knji\u017enica i \u010ditaonica Ogulin, 2023., samostalna izlo\u017eba; <strong>\u201cLoosen up\u201d<\/strong> &#8211; KGZ, Voltino, 2023., samostalna izlo\u017eba; <strong>\u201cFreeze\u201d<\/strong> &#8211; Knji\u017enica za mlade, Karlovac, 2023., samostalna izlo\u017eba; <strong>\u201cSmile\u201d<\/strong>&#8211; KGZ, \u0160pansko Jug, 2023., samostalna izlo\u017eba; <strong>\u201cGorka slika\u201d<\/strong> &#8211; Artoratorij, Udruga za kulturu i umjetnost, Vrbovec, grupna izlo\u017eba; <strong>Art circle<\/strong>, me\u0111unarodni umjetni\u010dki festival, Vila Vipol\u017ee, Slovenija, 2023., grupna izlo\u017eba; <strong>Tropical Vibe<\/strong>, \u2013 KGZ Vladimir Nazor, 2023. &#8211; mural; <strong>&#8220;Dance&#8221;<\/strong> -Maksimirski paneli, Zagreb, 2017. \u2013 mural <\/p>\r\n<p>Ivan Kopp Art &#8211; <a href=\"https:\/\/ivankopp.com\/\" target=\"_blank\" rel=\"noopener\">https:\/\/ivankopp.com\/<\/a><\/p>\r\n<p><\/div>\r\n\r\n\r\n<div style=\"height:50px\" aria-hidden=\"true\" class=\"wp-block-spacer\"><\/div>\r\n\r\n\r\n\r\n<p><\/p>\r\n","protected":false},"excerpt":{"rendered":"<p>Dr. Nada Kaiser Vesna Jungi\u0107, mag. oec. Prof. Vera \u0110or\u0111evi\u0107, MD (MA) Ivan Kopp, mag.ed. likovne kulture<\/p>\n","protected":false},"author":1,"featured_media":0,"parent":0,"menu_order":0,"comment_status":"closed","ping_status":"closed","template":"","meta":{"footnotes":""},"class_list":["post-6741","page","type-page","status-publish","hentry"],"_links":{"self":[{"href":"https:\/\/stage.inner-code.hr\/index.php\/wp-json\/wp\/v2\/pages\/6741","targetHints":{"allow":["GET"]}}],"collection":[{"href":"https:\/\/stage.inner-code.hr\/index.php\/wp-json\/wp\/v2\/pages"}],"about":[{"href":"https:\/\/stage.inner-code.hr\/index.php\/wp-json\/wp\/v2\/types\/page"}],"author":[{"embeddable":true,"href":"https:\/\/stage.inner-code.hr\/index.php\/wp-json\/wp\/v2\/users\/1"}],"replies":[{"embeddable":true,"href":"https:\/\/stage.inner-code.hr\/index.php\/wp-json\/wp\/v2\/comments?post=6741"}],"version-history":[{"count":15,"href":"https:\/\/stage.inner-code.hr\/index.php\/wp-json\/wp\/v2\/pages\/6741\/revisions"}],"predecessor-version":[{"id":7173,"href":"https:\/\/stage.inner-code.hr\/index.php\/wp-json\/wp\/v2\/pages\/6741\/revisions\/7173"}],"wp:attachment":[{"href":"https:\/\/stage.inner-code.hr\/index.php\/wp-json\/wp\/v2\/media?parent=6741"}],"curies":[{"name":"wp","href":"https:\/\/api.w.org\/{rel}","templated":true}]}}