{"id":6737,"date":"2024-09-24T14:55:39","date_gmt":"2024-09-24T12:55:39","guid":{"rendered":"https:\/\/stage.inner-code.hr\/?page_id=6737"},"modified":"2025-03-14T11:18:35","modified_gmt":"2025-03-14T10:18:35","slug":"salji-dalje","status":"publish","type":"page","link":"https:\/\/stage.inner-code.hr\/index.php\/salji-dalje\/","title":{"rendered":"\u0160alji dalje"},"content":{"rendered":"<div class=\"post_excerpt \">\n<p><em>Sre\u0107a je potpuna tek kada ju mo\u017eemo podijeliti s drugima.<\/em><\/p>\n<p>Vo\u0111eni tom idejom, otvaramo vrata onim gra\u0111anima koji su trenutno u financijski te\u0161koj situaciji, a koji istinski \u017eele u\u010diniti promjenu u svom \u017eivotu.<\/p>\n<p>Njima poklanjamo individualno savjetovanje i\/ili sudjelovanje na nekoj od na\u0161ih edukacija ili radionica. Kako bismo o\u017eivotvorili ideju \u0161irenja pozitivnih promjena, te suosje\u0107anja i dobra, osoba koja primi dar savjetovanja ili edukacije, dobit \u0107e \u201cmali zadatak\u201d: u istom duhu ravnote\u017ee davanja i primanja, trebat \u0107e proslijedi dalje primljeni poklon. Kako \u0107e to u\u010diniti? Tako da u\u010dini ne\u0161to dobro za nekog drugog, te da ga potakne da i on u\u010dini ne\u0161to dobro za nekoga drugoga. Na taj na\u010din sna\u017eimo jedni druge i \u0161irimo krugove suosje\u0107anja, razumijevanja i dobra.<\/p>\n<p>Kontaktirajte nas na <a href=\"mailto:info@inner-code.hr\">info@inner-code.hr<\/a><\/p>\n<p><span style=\"font-size: revert; color: initial;\"><\/div><\/span><\/p>\n\n\n<div style=\"height:50px\" aria-hidden=\"true\" class=\"wp-block-spacer\"><\/div>\n","protected":false},"excerpt":{"rendered":"","protected":false},"author":1,"featured_media":5574,"parent":0,"menu_order":0,"comment_status":"closed","ping_status":"closed","template":"","meta":{"footnotes":""},"class_list":["post-6737","page","type-page","status-publish","has-post-thumbnail","hentry"],"_links":{"self":[{"href":"https:\/\/stage.inner-code.hr\/index.php\/wp-json\/wp\/v2\/pages\/6737","targetHints":{"allow":["GET"]}}],"collection":[{"href":"https:\/\/stage.inner-code.hr\/index.php\/wp-json\/wp\/v2\/pages"}],"about":[{"href":"https:\/\/stage.inner-code.hr\/index.php\/wp-json\/wp\/v2\/types\/page"}],"author":[{"embeddable":true,"href":"https:\/\/stage.inner-code.hr\/index.php\/wp-json\/wp\/v2\/users\/1"}],"replies":[{"embeddable":true,"href":"https:\/\/stage.inner-code.hr\/index.php\/wp-json\/wp\/v2\/comments?post=6737"}],"version-history":[{"count":2,"href":"https:\/\/stage.inner-code.hr\/index.php\/wp-json\/wp\/v2\/pages\/6737\/revisions"}],"predecessor-version":[{"id":7076,"href":"https:\/\/stage.inner-code.hr\/index.php\/wp-json\/wp\/v2\/pages\/6737\/revisions\/7076"}],"wp:featuredmedia":[{"embeddable":true,"href":"https:\/\/stage.inner-code.hr\/index.php\/wp-json\/wp\/v2\/media\/5574"}],"wp:attachment":[{"href":"https:\/\/stage.inner-code.hr\/index.php\/wp-json\/wp\/v2\/media?parent=6737"}],"curies":[{"name":"wp","href":"https:\/\/api.w.org\/{rel}","templated":true}]}}