{"id":6721,"date":"2024-09-24T14:34:55","date_gmt":"2024-09-24T12:34:55","guid":{"rendered":"https:\/\/stage.inner-code.hr\/?page_id=6721"},"modified":"2025-03-14T11:10:10","modified_gmt":"2025-03-14T10:10:10","slug":"eticka-nacela","status":"publish","type":"page","link":"https:\/\/stage.inner-code.hr\/index.php\/eticka-nacela\/","title":{"rendered":"Eti\u010dka na\u010dela"},"content":{"rendered":"<div class=\"post_excerpt \"><\/p>\n<p><strong>Dobrobit na\u0161ih klijenata<\/strong><br \/>Na\u0161e temeljno na\u010delo je dobrobit na\u0161ih klijenata i po\u0161tivanje njihovog integriteta.<\/p>\n<p><strong><br \/>Odgovornost u davanju usluga<\/strong><br \/>Klijenta se unaprijed upoznaje s procesom i svim informacijama potrebnim i relevantnim za individualni rad.<br \/>Pridr\u017eavamo se visokih standarda u preno\u0161enju znanja i vje\u0161tina.<\/p>\n<p><strong><br \/>Stru\u010dnost<\/strong><br \/>Koristimo samo one tehnike za koje smo kvalificirani treningom i iskustvom.<br \/>Kontinuirano se stru\u010dno usavr\u0161avamo i pratimo suvremene i svjetske trendove na podru\u010dju osobnog i profesionalnog rasta i razvoja.<\/p>\n<p><strong><br \/>Povjerljivost<\/strong><br \/>Po\u0161tujemo povjerljivost informacija dobivenih tijekom rada s klijenatima.<\/p>\n<p><\/div>\n\n\n<div style=\"height:50px\" aria-hidden=\"true\" class=\"wp-block-spacer\"><\/div>\n\n\n\n<p><\/p>\n","protected":false},"excerpt":{"rendered":"","protected":false},"author":1,"featured_media":5574,"parent":0,"menu_order":0,"comment_status":"closed","ping_status":"closed","template":"","meta":{"footnotes":""},"class_list":["post-6721","page","type-page","status-publish","has-post-thumbnail","hentry"],"_links":{"self":[{"href":"https:\/\/stage.inner-code.hr\/index.php\/wp-json\/wp\/v2\/pages\/6721","targetHints":{"allow":["GET"]}}],"collection":[{"href":"https:\/\/stage.inner-code.hr\/index.php\/wp-json\/wp\/v2\/pages"}],"about":[{"href":"https:\/\/stage.inner-code.hr\/index.php\/wp-json\/wp\/v2\/types\/page"}],"author":[{"embeddable":true,"href":"https:\/\/stage.inner-code.hr\/index.php\/wp-json\/wp\/v2\/users\/1"}],"replies":[{"embeddable":true,"href":"https:\/\/stage.inner-code.hr\/index.php\/wp-json\/wp\/v2\/comments?post=6721"}],"version-history":[{"count":4,"href":"https:\/\/stage.inner-code.hr\/index.php\/wp-json\/wp\/v2\/pages\/6721\/revisions"}],"predecessor-version":[{"id":7074,"href":"https:\/\/stage.inner-code.hr\/index.php\/wp-json\/wp\/v2\/pages\/6721\/revisions\/7074"}],"wp:featuredmedia":[{"embeddable":true,"href":"https:\/\/stage.inner-code.hr\/index.php\/wp-json\/wp\/v2\/media\/5574"}],"wp:attachment":[{"href":"https:\/\/stage.inner-code.hr\/index.php\/wp-json\/wp\/v2\/media?parent=6721"}],"curies":[{"name":"wp","href":"https:\/\/api.w.org\/{rel}","templated":true}]}}