{"id":6717,"date":"2024-09-24T14:29:40","date_gmt":"2024-09-24T12:29:40","guid":{"rendered":"https:\/\/stage.inner-code.hr\/?page_id=6717"},"modified":"2026-01-03T21:57:21","modified_gmt":"2026-01-03T20:57:21","slug":"zasto-odabrati-inner-code","status":"publish","type":"page","link":"https:\/\/stage.inner-code.hr\/index.php\/zasto-odabrati-inner-code\/","title":{"rendered":"Za\u0161to odabrati Inner Code"},"content":{"rendered":"<div class=\"post_excerpt \"><\/p>\n<p><strong>Inner Code d.o.o. <\/strong>osnovan je sa svrhom preno\u0161enja znanja i vje\u0161tina koje omogu\u0107avaju osobi da uvidi i iskusi da je pozitivna promjena mogu\u0107a, da za nju nikad nije kasno i da uvijek ima na\u010dina kako otkriti i realizirati svoje vrijednosti, potencijale i snove.<\/p>\n<p>Radimo individualna savjetovanja, individualne i grupne edukacije na podru\u010dju osobnog rasta i razvoje, te individualnu i grupnu poduku svih gimnazijskih predmeta i likovnog izra\u017eavanja.<\/p>\n<p>U individualnom pristupu klijentu koristimo suvremene licencirane coaching metode i tehnike kao \u0161to su neurolingvisti\u010dko programiranje (NLP), logoterapija, mindfulness, Wingwave\u00ae, autogeni trening po Schultzu, progresivna relaksacija mi\u0161i\u0107a po Jacobsonu, imaginativne obiteljske konstelacije, Magic Words\u00ae.<\/p>\n<p>Osposobljavamo polaznike na\u0161ih edukacija za primjenu ste\u010denih znanja u svakodnevnom \u017eivotu u svrhu pobolj\u0161anja kvalitete \u017eivljenja.<\/p>\n<p>Individualnom podukom sadr\u017eaja gimnazijskih predmeta, odnosno likovnog izra\u017eavanja poma\u017eemo klijentima da pro\u0161ire svoja znanja ili nadoknade ona podru\u010dja kojima nisu bili u prilici ranije ovladati ili se kroz njih izraziti.<\/p>\n<p>Primjenjujemo eti\u010dka na\u010dela odgovornosti, stru\u010dnosti, povjerljivosti i brinemo za dobrobit klijenata.<\/p>\n<p><\/div>\n<h2><b>Za\u0161to odabrati Inner Code<\/b><\/h2>\n<div class=\"post_excerpt animate\"><\/p>\n<ul>\n<li>\n<p>dugogodi\u0161nje iskustvo u individualnom radu s klijentima<\/p>\n<\/li>\n<li>\n<p>primjena suvremenih licenciranih coaching tehnika, me\u0111unarodno priznatih<\/p>\n<\/li>\n<li>\n<p>tridesetpetogodi\u0161nje iskustvo podu\u010davanja i preno\u0161enja znanja \u0111acima, studentima i odraslim polaznicima edukacija<\/p>\n<\/li>\n<li>\n<p>visoka profesionalnost u primjeni zakonitosti profesorske struke (didaktika, pedagogija, metodika)<\/p>\n<\/li>\n<li>\n<p>osposobljavanje polaznika treninga da samostalno primjenjuju usvojena znanja, tehnike i vje\u0161tine za osobni i poslovni rast<\/p>\n<\/li>\n<li>\n<p>me\u0111unarodno priznati certifikati<\/p>\n<\/li>\n<li>\n<p>otvorena i jasna komunikacija uz primjenu eti\u010dkih na\u010dela povjerljivosti (po\u0161tivanje privatnosti klijenta), dobrobiti klijenta, odgovornosti i stru\u010dnosti<\/p>\n<\/li>\n<\/ul>\n<p><\/div>\n\n\n<div style=\"height:50px\" aria-hidden=\"true\" class=\"wp-block-spacer\"><\/div>\n","protected":false},"excerpt":{"rendered":"<p>Za\u0161to odabrati Inner Code<\/p>\n","protected":false},"author":1,"featured_media":5574,"parent":0,"menu_order":0,"comment_status":"closed","ping_status":"closed","template":"","meta":{"footnotes":""},"class_list":["post-6717","page","type-page","status-publish","has-post-thumbnail","hentry"],"_links":{"self":[{"href":"https:\/\/stage.inner-code.hr\/index.php\/wp-json\/wp\/v2\/pages\/6717","targetHints":{"allow":["GET"]}}],"collection":[{"href":"https:\/\/stage.inner-code.hr\/index.php\/wp-json\/wp\/v2\/pages"}],"about":[{"href":"https:\/\/stage.inner-code.hr\/index.php\/wp-json\/wp\/v2\/types\/page"}],"author":[{"embeddable":true,"href":"https:\/\/stage.inner-code.hr\/index.php\/wp-json\/wp\/v2\/users\/1"}],"replies":[{"embeddable":true,"href":"https:\/\/stage.inner-code.hr\/index.php\/wp-json\/wp\/v2\/comments?post=6717"}],"version-history":[{"count":18,"href":"https:\/\/stage.inner-code.hr\/index.php\/wp-json\/wp\/v2\/pages\/6717\/revisions"}],"predecessor-version":[{"id":7164,"href":"https:\/\/stage.inner-code.hr\/index.php\/wp-json\/wp\/v2\/pages\/6717\/revisions\/7164"}],"wp:featuredmedia":[{"embeddable":true,"href":"https:\/\/stage.inner-code.hr\/index.php\/wp-json\/wp\/v2\/media\/5574"}],"wp:attachment":[{"href":"https:\/\/stage.inner-code.hr\/index.php\/wp-json\/wp\/v2\/media?parent=6717"}],"curies":[{"name":"wp","href":"https:\/\/api.w.org\/{rel}","templated":true}]}}